{"id":6279,"date":"2019-12-18T10:26:04","date_gmt":"2019-12-18T02:26:04","guid":{"rendered":"http:\/\/www.winsonco.com.hk\/?post_type=product&#038;p=6279"},"modified":"2020-01-22T12:00:57","modified_gmt":"2020-01-22T04:00:57","slug":"cocktail-shaker-ba5229cp-ba5229gd-ba5229gun","status":"publish","type":"product","link":"https:\/\/www.winsonco.com.hk\/?product=cocktail-shaker-ba5229cp-ba5229gd-ba5229gun","title":{"rendered":"Cocktail shaker BA5229CP BA5229GD BA5229GUN"},"content":{"rendered":"<p>BA5229CP 2pcs shaker cup set, small cup 600ml, \u00d888mm x \u00d860mm x H145mm, large cup 800ml, \u00d890mm x \u00d860mm x H180mm, electroplating Copper color outside, satin polish inside<br \/>\nBA5229GD 2pcs shaker cup set, small cup 600ml, \u00d888mm x \u00d860mm x H145mm, large cup 800ml, \u00d890mm x \u00d860mm x H180mm, electroplating Gold color outside, satin polish inside<br \/>\nBA5229GUN 2pcs shaker cup set, small cup 600ml, \u00d888mm x \u00d860mm x H145mm, large cup 800ml, \u00d890mm x \u00d860mm x H180mm, electroplating Gun black metal color outside, satin polish inside<\/p>\n\n\t\t<style type=\"text\/css\">\n\t\t\t#gallery-1 {\n\t\t\t\tmargin: auto;\n\t\t\t}\n\t\t\t#gallery-1 .gallery-item {\n\t\t\t\tfloat: left;\n\t\t\t\tmargin-top: 10px;\n\t\t\t\ttext-align: center;\n\t\t\t\twidth: 33%;\n\t\t\t}\n\t\t\t#gallery-1 img {\n\t\t\t\tborder: 2px solid #cfcfcf;\n\t\t\t}\n\t\t\t#gallery-1 .gallery-caption {\n\t\t\t\tmargin-left: 0;\n\t\t\t}\n\t\t\t\/* see gallery_shortcode() in wp-includes\/media.php *\/\n\t\t<\/style>\n\t\t<div id='gallery-1' class='gallery galleryid-6279 gallery-columns-3 gallery-size-thumbnail'><dl class='gallery-item'>\n\t\t\t<dt class='gallery-icon portrait'>\n\t\t\t\t<a href='https:\/\/www.winsonco.com.hk\/?attachment_id=6281'><img loading=\"lazy\" decoding=\"async\" width=\"300\" height=\"300\" src=\"https:\/\/www.winsonco.com.hk\/wp-content\/uploads\/2019\/12\/BA5229-RED-CP-300x300.jpg?v=1576635771\" class=\"attachment-thumbnail size-thumbnail\" alt=\"\" aria-describedby=\"gallery-1-6281\" srcset=\"https:\/\/www.winsonco.com.hk\/wp-content\/uploads\/2019\/12\/BA5229-RED-CP-300x300.jpg?v=1576635771 300w, https:\/\/www.winsonco.com.hk\/wp-content\/uploads\/2019\/12\/BA5229-RED-CP-150x150.jpg?v=1576635771 150w, https:\/\/www.winsonco.com.hk\/wp-content\/uploads\/2019\/12\/BA5229-RED-CP-270x270.jpg?v=1576635771 270w, https:\/\/www.winsonco.com.hk\/wp-content\/uploads\/2019\/12\/BA5229-RED-CP-100x100.jpg?v=1576635771 100w\" sizes=\"auto, (max-width: 300px) 100vw, 300px\" \/><\/a>\n\t\t\t<\/dt>\n\t\t\t\t<dd class='wp-caption-text gallery-caption' id='gallery-1-6281'>\n\t\t\t\tBA5229CP\t2pcs shaker cup set, small cup 600ml, \u00d888mm x \u00d860mm x H145mm, large cup 800ml, \u00d890mm x \u00d860mm x H180mm, electroplating Copper color outside, satin polish inside\t18\/8 stainless steel\n\n\t\t\t\t<\/dd><\/dl><dl class='gallery-item'>\n\t\t\t<dt class='gallery-icon portrait'>\n\t\t\t\t<a href='https:\/\/www.winsonco.com.hk\/?attachment_id=6282'><img loading=\"lazy\" decoding=\"async\" width=\"300\" height=\"300\" src=\"https:\/\/www.winsonco.com.hk\/wp-content\/uploads\/2019\/12\/BA5229CP-300x300.jpg?v=1576635775\" class=\"attachment-thumbnail size-thumbnail\" alt=\"\" aria-describedby=\"gallery-1-6282\" srcset=\"https:\/\/www.winsonco.com.hk\/wp-content\/uploads\/2019\/12\/BA5229CP-300x300.jpg?v=1576635775 300w, https:\/\/www.winsonco.com.hk\/wp-content\/uploads\/2019\/12\/BA5229CP-150x150.jpg?v=1576635775 150w, https:\/\/www.winsonco.com.hk\/wp-content\/uploads\/2019\/12\/BA5229CP-270x270.jpg?v=1576635775 270w, https:\/\/www.winsonco.com.hk\/wp-content\/uploads\/2019\/12\/BA5229CP-100x100.jpg?v=1576635775 100w\" sizes=\"auto, (max-width: 300px) 100vw, 300px\" \/><\/a>\n\t\t\t<\/dt>\n\t\t\t\t<dd class='wp-caption-text gallery-caption' id='gallery-1-6282'>\n\t\t\t\tBA5229CP\t2pcs shaker cup set, small cup 600ml, \u00d888mm x \u00d860mm x H145mm, large cup 800ml, \u00d890mm x \u00d860mm x H180mm, electroplating Copper color outside, satin polish inside\t18\/8 stainless steel\n\n\t\t\t\t<\/dd><\/dl><dl class='gallery-item'>\n\t\t\t<dt class='gallery-icon portrait'>\n\t\t\t\t<a href='https:\/\/www.winsonco.com.hk\/?attachment_id=6283'><img loading=\"lazy\" decoding=\"async\" width=\"300\" height=\"300\" src=\"https:\/\/www.winsonco.com.hk\/wp-content\/uploads\/2019\/12\/BA5229GD-300x300.jpg?v=1576635778\" class=\"attachment-thumbnail size-thumbnail\" alt=\"\" aria-describedby=\"gallery-1-6283\" srcset=\"https:\/\/www.winsonco.com.hk\/wp-content\/uploads\/2019\/12\/BA5229GD-300x300.jpg?v=1576635778 300w, https:\/\/www.winsonco.com.hk\/wp-content\/uploads\/2019\/12\/BA5229GD-150x150.jpg?v=1576635778 150w, https:\/\/www.winsonco.com.hk\/wp-content\/uploads\/2019\/12\/BA5229GD-270x270.jpg?v=1576635778 270w, https:\/\/www.winsonco.com.hk\/wp-content\/uploads\/2019\/12\/BA5229GD-100x100.jpg?v=1576635778 100w\" sizes=\"auto, (max-width: 300px) 100vw, 300px\" \/><\/a>\n\t\t\t<\/dt>\n\t\t\t\t<dd class='wp-caption-text gallery-caption' id='gallery-1-6283'>\n\t\t\t\tBA5229GD\t2pcs shaker cup set, small cup 600ml, \u00d888mm x \u00d860mm x H145mm, large cup 800ml, \u00d890mm x \u00d860mm x H180mm, electroplating Gold color outside, satin polish inside\t18\/8 stainless steel\n\n\t\t\t\t<\/dd><\/dl><br style=\"clear: both\" \/><dl class='gallery-item'>\n\t\t\t<dt class='gallery-icon landscape'>\n\t\t\t\t<a href='https:\/\/www.winsonco.com.hk\/?attachment_id=6280'><img loading=\"lazy\" decoding=\"async\" width=\"300\" height=\"300\" src=\"https:\/\/www.winsonco.com.hk\/wp-content\/uploads\/2019\/12\/BA5229GUN-300x300.jpg?v=1576635768\" class=\"attachment-thumbnail size-thumbnail\" alt=\"\" aria-describedby=\"gallery-1-6280\" srcset=\"https:\/\/www.winsonco.com.hk\/wp-content\/uploads\/2019\/12\/BA5229GUN-300x300.jpg?v=1576635768 300w, https:\/\/www.winsonco.com.hk\/wp-content\/uploads\/2019\/12\/BA5229GUN-150x150.jpg?v=1576635768 150w, https:\/\/www.winsonco.com.hk\/wp-content\/uploads\/2019\/12\/BA5229GUN-270x270.jpg?v=1576635768 270w, https:\/\/www.winsonco.com.hk\/wp-content\/uploads\/2019\/12\/BA5229GUN-91x90.jpg?v=1576635768 91w, https:\/\/www.winsonco.com.hk\/wp-content\/uploads\/2019\/12\/BA5229GUN-100x100.jpg?v=1576635768 100w\" sizes=\"auto, (max-width: 300px) 100vw, 300px\" \/><\/a>\n\t\t\t<\/dt>\n\t\t\t\t<dd class='wp-caption-text gallery-caption' id='gallery-1-6280'>\n\t\t\t\tBA5229GUN\t2pcs shaker cup set, small cup 600ml, \u00d888mm x \u00d860mm x H145mm, large cup 800ml, \u00d890mm x \u00d860mm x H180mm, electroplating Gun black metal color outside, satin polish inside\t18\/8 stainless steel\n\n\t\t\t\t<\/dd><\/dl><dl class='gallery-item'>\n\t\t\t<dt class='gallery-icon portrait'>\n\t\t\t\t<a href='https:\/\/www.winsonco.com.hk\/?attachment_id=6284'><img loading=\"lazy\" decoding=\"async\" width=\"300\" height=\"300\" src=\"https:\/\/www.winsonco.com.hk\/wp-content\/uploads\/2019\/12\/BA5229GUN-2-300x300.jpg?v=1576635779\" class=\"attachment-thumbnail size-thumbnail\" alt=\"\" aria-describedby=\"gallery-1-6284\" srcset=\"https:\/\/www.winsonco.com.hk\/wp-content\/uploads\/2019\/12\/BA5229GUN-2-300x300.jpg?v=1576635779 300w, https:\/\/www.winsonco.com.hk\/wp-content\/uploads\/2019\/12\/BA5229GUN-2-479x480.jpg?v=1576635779 479w, https:\/\/www.winsonco.com.hk\/wp-content\/uploads\/2019\/12\/BA5229GUN-2-150x150.jpg?v=1576635779 150w, https:\/\/www.winsonco.com.hk\/wp-content\/uploads\/2019\/12\/BA5229GUN-2-270x270.jpg?v=1576635779 270w, https:\/\/www.winsonco.com.hk\/wp-content\/uploads\/2019\/12\/BA5229GUN-2-90x90.jpg?v=1576635779 90w, https:\/\/www.winsonco.com.hk\/wp-content\/uploads\/2019\/12\/BA5229GUN-2-135x135.jpg?v=1576635779 135w, https:\/\/www.winsonco.com.hk\/wp-content\/uploads\/2019\/12\/BA5229GUN-2-192x192.jpg?v=1576635779 192w, https:\/\/www.winsonco.com.hk\/wp-content\/uploads\/2019\/12\/BA5229GUN-2-359x360.jpg?v=1576635779 359w, https:\/\/www.winsonco.com.hk\/wp-content\/uploads\/2019\/12\/BA5229GUN-2-100x100.jpg?v=1576635779 100w, https:\/\/www.winsonco.com.hk\/wp-content\/uploads\/2019\/12\/BA5229GUN-2.jpg?v=1576635779 629w\" sizes=\"auto, (max-width: 300px) 100vw, 300px\" \/><\/a>\n\t\t\t<\/dt>\n\t\t\t\t<dd class='wp-caption-text gallery-caption' id='gallery-1-6284'>\n\t\t\t\tBA5229GUN\t2pcs shaker cup set, small cup 600ml, \u00d888mm x \u00d860mm x H145mm, large cup 800ml, \u00d890mm x \u00d860mm x H180mm, electroplating Gun black metal color outside, satin polish inside\t18\/8 stainless steel\n\n\t\t\t\t<\/dd><\/dl>\n\t\t\t<br style='clear: both' \/>\n\t\t<\/div>\n\n","protected":false},"excerpt":{"rendered":"<p>BA5229CP 2pcs shaker cup set, small cup 600ml, \u00d888mm x  [&hellip;]<\/p>\n","protected":false},"featured_media":6283,"comment_status":"closed","ping_status":"closed","template":"","meta":[],"product_brand":[],"product_cat":[37,36],"product_tag":[],"class_list":{"0":"post-6279","1":"product","2":"type-product","3":"status-publish","4":"has-post-thumbnail","6":"product_cat-goblet-cocktail-shaker-double-jigger","7":"product_cat-sundries","9":"first","10":"instock","11":"shipping-taxable","12":"product-type-simple"},"_links":{"self":[{"href":"https:\/\/www.winsonco.com.hk\/index.php?rest_route=\/wp\/v2\/product\/6279","targetHints":{"allow":["GET"]}}],"collection":[{"href":"https:\/\/www.winsonco.com.hk\/index.php?rest_route=\/wp\/v2\/product"}],"about":[{"href":"https:\/\/www.winsonco.com.hk\/index.php?rest_route=\/wp\/v2\/types\/product"}],"replies":[{"embeddable":true,"href":"https:\/\/www.winsonco.com.hk\/index.php?rest_route=%2Fwp%2Fv2%2Fcomments&post=6279"}],"wp:featuredmedia":[{"embeddable":true,"href":"https:\/\/www.winsonco.com.hk\/index.php?rest_route=\/wp\/v2\/media\/6283"}],"wp:attachment":[{"href":"https:\/\/www.winsonco.com.hk\/index.php?rest_route=%2Fwp%2Fv2%2Fmedia&parent=6279"}],"wp:term":[{"taxonomy":"product_brand","embeddable":true,"href":"https:\/\/www.winsonco.com.hk\/index.php?rest_route=%2Fwp%2Fv2%2Fproduct_brand&post=6279"},{"taxonomy":"product_cat","embeddable":true,"href":"https:\/\/www.winsonco.com.hk\/index.php?rest_route=%2Fwp%2Fv2%2Fproduct_cat&post=6279"},{"taxonomy":"product_tag","embeddable":true,"href":"https:\/\/www.winsonco.com.hk\/index.php?rest_route=%2Fwp%2Fv2%2Fproduct_tag&post=6279"}],"curies":[{"name":"wp","href":"https:\/\/api.w.org\/{rel}","templated":true}]}}